{"id":129,"date":"2013-09-17T22:53:22","date_gmt":"2013-09-17T20:53:22","guid":{"rendered":"http:\/\/stammbach.wordpress.com\/?page_id=129"},"modified":"2021-01-02T11:41:08","modified_gmt":"2021-01-02T10:41:08","slug":"mitstiften-mitgewinnen","status":"publish","type":"page","link":"https:\/\/www.buergerstiftung-stammbach.de\/blog\/mitstiften-mitgewinnen\/","title":{"rendered":"Stiften und Spenden"},"content":{"rendered":"\n<h2 class=\"wp-block-heading\">Vielen Dank f\u00fcr Ihre Unterst\u00fctzung! <\/h2>\n\n\n\n<p><strong>So k\u00f6nnen Sie Ihre Zuwendung an uns<strong style=\"font-size: 14px; line-height: 1.5;\"><\/strong> weiterleiten:<\/strong><\/p>\n\n\n\n<p><strong>Online-Spende<\/strong><br>Sie k\u00f6nnen direkt hier online spenden. Sie ben\u00f6tigen kein Online-Banking oder \u00e4hnliches. Der Betrag wird durch unseren Partner HelpDirect von Ihrem Konto abgebucht. Dazu einfach das nachfolgende Formular ausf\u00fcllen. Eine Spendenquittung erhalten Sie direkt von uns. <\/p>\n\n\n\n<div id=\"hd-donationbutton-c\"><\/div>\n<script async src=\"https:\/\/www.helpmundo.de\/helptools\/donationbutton\/16246\/6469\/init.js?btn=c&#038;type=dom&#038;newLocal=de&#038;show_header=1&#038;rtm=0\" target=\"_blank\"><\/script>\n\n\n\n<p><strong>\u00dcberweisung<\/strong><br>\u00dcberweisen Sie Ihre Zuwendung auf unser Konto bei Sparkasse Hochfranken. Wenn die Spende zur F\u00f6rderung eines bestimmten Satzungszwecks oder Projektes bestimmt ist, vermerken Sie dies bitte entsprechend im Verwendungszweck. Nach Geldeingang erhalten Sie eine Zuwendungsbest\u00e4tigung. <br><br>IBAN DE76780500000222203234<br>BIC BYLADEM1HOF<\/p>\n\n\n\n<p><strong>Barzahlung<\/strong><br>Jeder Stiftungsrat oder Vorstand nimmt gerne Ihre Barzahlung entgegen. Am besten Sie rufen uns dazu vorher einfach an. Tel. 0151 47585007<\/p>\n","protected":false},"excerpt":{"rendered":"<p>Vielen Dank f\u00fcr Ihre Unterst\u00fctzung! So k\u00f6nnen Sie Ihre Zuwendung an uns weiterleiten: Online-SpendeSie k\u00f6nnen direkt hier online spenden. Sie ben\u00f6tigen kein Online-Banking oder \u00e4hnliches. Der Betrag wird durch unseren Partner HelpDirect von Ihrem Konto abgebucht. Dazu einfach das nachfolgende Formular ausf\u00fcllen. Eine Spendenquittung erhalten Sie direkt von uns. \u00dcberweisung\u00dcberweisen Sie Ihre Zuwendung auf unser [&hellip;]<\/p>\n","protected":false},"author":2,"featured_media":0,"parent":0,"menu_order":0,"comment_status":"open","ping_status":"open","template":"","meta":{"footnotes":""},"class_list":["post-129","page","type-page","status-publish","hentry"],"_links":{"self":[{"href":"https:\/\/www.buergerstiftung-stammbach.de\/blog\/wp-json\/wp\/v2\/pages\/129","targetHints":{"allow":["GET"]}}],"collection":[{"href":"https:\/\/www.buergerstiftung-stammbach.de\/blog\/wp-json\/wp\/v2\/pages"}],"about":[{"href":"https:\/\/www.buergerstiftung-stammbach.de\/blog\/wp-json\/wp\/v2\/types\/page"}],"author":[{"embeddable":true,"href":"https:\/\/www.buergerstiftung-stammbach.de\/blog\/wp-json\/wp\/v2\/users\/2"}],"replies":[{"embeddable":true,"href":"https:\/\/www.buergerstiftung-stammbach.de\/blog\/wp-json\/wp\/v2\/comments?post=129"}],"version-history":[{"count":4,"href":"https:\/\/www.buergerstiftung-stammbach.de\/blog\/wp-json\/wp\/v2\/pages\/129\/revisions"}],"predecessor-version":[{"id":1007,"href":"https:\/\/www.buergerstiftung-stammbach.de\/blog\/wp-json\/wp\/v2\/pages\/129\/revisions\/1007"}],"wp:attachment":[{"href":"https:\/\/www.buergerstiftung-stammbach.de\/blog\/wp-json\/wp\/v2\/media?parent=129"}],"curies":[{"name":"wp","href":"https:\/\/api.w.org\/{rel}","templated":true}]}}