{"id":133,"date":"2013-09-17T23:10:20","date_gmt":"2013-09-17T21:10:20","guid":{"rendered":"http:\/\/stammbach.wordpress.com\/?page_id=133"},"modified":"2013-09-17T23:10:20","modified_gmt":"2013-09-17T21:10:20","slug":"leitgedanke","status":"publish","type":"page","link":"https:\/\/www.buergerstiftung-stammbach.de\/blog\/stiftung\/leitgedanke\/","title":{"rendered":"Leitgedanke"},"content":{"rendered":"<p>In unserer Gesellschaft des 21. Jahrhunderts gewinnen Selbsthilfe, Selbstverantwortung, und Selbstverwaltung wieder st\u00e4rker an Bedeutung. Dies gilt nicht nur im Bereich der Wirtschaft, sondern ebenso f\u00fcr die Gestaltung des Gemeinwesens.<\/p>\n<p>Die B\u00fcrgerstiftung Stammbach ist eine Gemeinschaftseinrichtung von B\u00fcrgern f\u00fcr B\u00fcrger. Im Rahmen des Satzungszweckes sollen F\u00f6rderungen in \u00f6rtliche Vorhaben flie\u00dfen und somit direkt der Bev\u00f6lkerung Stammbachs zugute kommen.<\/p>\n<p>Wir engagieren uns im sozialen, kulturellen und \u00f6kologischen Bereich und unterst\u00fctzen Projekte, die unseren Ort zukunftsf\u00e4hig machen.F\u00fcr eine F\u00f6rderung kommen Projekte in Frage, die zur nachhaltigen Entwicklung von Stammbach beitragen. Nachhaltigkeit bedeutet, heute an morgen zu denken. Gef\u00f6rdert werden somit Projekte, die die Zukunftsf\u00e4higkeit Stammbachs sichern.<\/p>\n<p>Unter dem Motto &#8222;Hilfe zur Selbsthilfe&#8220; wurde eine Institution ins Leben gerufen, die weiter B\u00fcrger dazu anregen soll, sich durch Zustiftungen und Spenden an der regionalen F\u00f6rderung zu beteiligen.<\/p>\n<p>In diesem Sinne will die B\u00fcrgerstiftung Stammbach den Gemeinschaftssinn und die Mitverantwortung der B\u00fcrger von Stammbach f\u00fcr Ihren Ort f\u00f6rdern und damit dazu beitragen, dass Stammbach sich positiv entwickelt.<\/p>\n","protected":false},"excerpt":{"rendered":"<p>In unserer Gesellschaft des 21. Jahrhunderts gewinnen Selbsthilfe, Selbstverantwortung, und Selbstverwaltung wieder st\u00e4rker an Bedeutung. Dies gilt nicht nur im Bereich der Wirtschaft, sondern ebenso f\u00fcr die Gestaltung des Gemeinwesens. Die B\u00fcrgerstiftung Stammbach ist eine Gemeinschaftseinrichtung von B\u00fcrgern f\u00fcr B\u00fcrger. Im Rahmen des Satzungszweckes sollen F\u00f6rderungen in \u00f6rtliche Vorhaben flie\u00dfen und somit direkt der Bev\u00f6lkerung [&hellip;]<\/p>\n","protected":false},"author":2,"featured_media":0,"parent":423,"menu_order":0,"comment_status":"open","ping_status":"open","template":"","meta":{"footnotes":""},"class_list":["post-133","page","type-page","status-publish","hentry"],"_links":{"self":[{"href":"https:\/\/www.buergerstiftung-stammbach.de\/blog\/wp-json\/wp\/v2\/pages\/133","targetHints":{"allow":["GET"]}}],"collection":[{"href":"https:\/\/www.buergerstiftung-stammbach.de\/blog\/wp-json\/wp\/v2\/pages"}],"about":[{"href":"https:\/\/www.buergerstiftung-stammbach.de\/blog\/wp-json\/wp\/v2\/types\/page"}],"author":[{"embeddable":true,"href":"https:\/\/www.buergerstiftung-stammbach.de\/blog\/wp-json\/wp\/v2\/users\/2"}],"replies":[{"embeddable":true,"href":"https:\/\/www.buergerstiftung-stammbach.de\/blog\/wp-json\/wp\/v2\/comments?post=133"}],"version-history":[{"count":0,"href":"https:\/\/www.buergerstiftung-stammbach.de\/blog\/wp-json\/wp\/v2\/pages\/133\/revisions"}],"up":[{"embeddable":true,"href":"https:\/\/www.buergerstiftung-stammbach.de\/blog\/wp-json\/wp\/v2\/pages\/423"}],"wp:attachment":[{"href":"https:\/\/www.buergerstiftung-stammbach.de\/blog\/wp-json\/wp\/v2\/media?parent=133"}],"curies":[{"name":"wp","href":"https:\/\/api.w.org\/{rel}","templated":true}]}}