{"id":166,"date":"2013-10-25T07:40:35","date_gmt":"2013-10-25T05:40:35","guid":{"rendered":"http:\/\/stammbach.wordpress.com\/?page_id=166"},"modified":"2013-10-25T07:40:35","modified_gmt":"2013-10-25T05:40:35","slug":"impressum","status":"publish","type":"page","link":"https:\/\/www.buergerstiftung-stammbach.de\/blog\/stiftung\/impressum\/","title":{"rendered":"Impressum"},"content":{"rendered":"<p><strong>Anbieter:<\/strong><\/p>\n<p>B\u00fcrgerstiftung\u00a0Stammbach<br \/>\nFlurstra\u00dfe 3<br \/>\n95236 Stammbach<\/p>\n<p>Tel. 09256 960245<br \/>\nE-mail: info [at] buergerstiftung-stammbach.de<\/p>\n<p><strong>Rechtsform:<\/strong><\/p>\n<p>Rechtsf\u00e4hige Stiftung des b\u00fcrgerlichen Rechts, gegr\u00fcndet am 18. April 2012 durch Genehmigung der Regierung von Oberfranken.\u00a0 Anerkannt als gemeinn\u00fctzig und mildt\u00e4tige Stiftung durch das Finanzamt Hof mit Bescheinigung vom 15.02.2013, Steuer-Nr. 223\/147\/04642. Die K\u00f6rperschaft B\u00fcrgerstiftung Stammbach dient nach der eingereichten Satzung ausschlie\u00dflich und unmittelbar steuerbeg\u00fcnstigten gemeinn\u00fctzigen Zwecken im Sinne \u00a7\u00a7 51 ff AO.<\/p>\n<p><strong>Vorstand:<\/strong><\/p>\n<p>Michael Sch\u00f6ffel (Vors.), Dieter T\u00f6gel, Doris Ebert<\/p>\n<p><strong>Stiftungsrat:<\/strong><\/p>\n<p>Stefan G\u00fcnther (Vors.), Sandra Bauer, Regina Schramm, Markus Baumg\u00e4rtel, Hans-J\u00fcrgen R\u00f6\u00dfler<\/p>\n<p><strong>Stiftungsaufsicht:<\/strong><\/p>\n<p>Regierung von Oberfranken, Ludwigstra\u00dfe 20, 95444 Bayreuth<\/p>\n<p><strong>Verantwortlich f\u00fcr den journalistisch-redaktionell gestalteten Inhalt <\/strong><strong>im Sinne des \u00a7\u00a055 Abs.\u00a02 des Staatsvertrages f\u00fcr Rundfunk und Telemedien: <\/strong><\/p>\n<p>Michael Sch\u00f6ffel, Vorstandvors.<\/p>\n<p><strong>Bankverbindung &#8211; Spendenkonto B\u00fcrgerstiftung Stammbach:<\/strong><\/p>\n<p>Sparkasse Hochfranken<br \/>\nIBAN DE76780500000222203234<br \/>\nBIC BYLADEM1HOF<\/p>\n","protected":false},"excerpt":{"rendered":"<p>Anbieter: B\u00fcrgerstiftung\u00a0Stammbach Flurstra\u00dfe 3 95236 Stammbach Tel. 09256 960245 E-mail: info [at] buergerstiftung-stammbach.de Rechtsform: Rechtsf\u00e4hige Stiftung des b\u00fcrgerlichen Rechts, gegr\u00fcndet am 18. April 2012 durch Genehmigung der Regierung von Oberfranken.\u00a0 Anerkannt als gemeinn\u00fctzig und mildt\u00e4tige Stiftung durch das Finanzamt Hof mit Bescheinigung vom 15.02.2013, Steuer-Nr. 223\/147\/04642. Die K\u00f6rperschaft B\u00fcrgerstiftung Stammbach dient nach der eingereichten Satzung [&hellip;]<\/p>\n","protected":false},"author":2,"featured_media":0,"parent":423,"menu_order":5,"comment_status":"open","ping_status":"open","template":"","meta":{"footnotes":""},"class_list":["post-166","page","type-page","status-publish","hentry"],"_links":{"self":[{"href":"https:\/\/www.buergerstiftung-stammbach.de\/blog\/wp-json\/wp\/v2\/pages\/166","targetHints":{"allow":["GET"]}}],"collection":[{"href":"https:\/\/www.buergerstiftung-stammbach.de\/blog\/wp-json\/wp\/v2\/pages"}],"about":[{"href":"https:\/\/www.buergerstiftung-stammbach.de\/blog\/wp-json\/wp\/v2\/types\/page"}],"author":[{"embeddable":true,"href":"https:\/\/www.buergerstiftung-stammbach.de\/blog\/wp-json\/wp\/v2\/users\/2"}],"replies":[{"embeddable":true,"href":"https:\/\/www.buergerstiftung-stammbach.de\/blog\/wp-json\/wp\/v2\/comments?post=166"}],"version-history":[{"count":0,"href":"https:\/\/www.buergerstiftung-stammbach.de\/blog\/wp-json\/wp\/v2\/pages\/166\/revisions"}],"up":[{"embeddable":true,"href":"https:\/\/www.buergerstiftung-stammbach.de\/blog\/wp-json\/wp\/v2\/pages\/423"}],"wp:attachment":[{"href":"https:\/\/www.buergerstiftung-stammbach.de\/blog\/wp-json\/wp\/v2\/media?parent=166"}],"curies":[{"name":"wp","href":"https:\/\/api.w.org\/{rel}","templated":true}]}}