{"id":228,"date":"2014-05-20T08:05:22","date_gmt":"2014-05-20T06:05:22","guid":{"rendered":"http:\/\/stammbach.wordpress.com\/?page_id=228"},"modified":"2024-10-31T17:34:11","modified_gmt":"2024-10-31T16:34:11","slug":"foerderung","status":"publish","type":"page","link":"https:\/\/www.buergerstiftung-stammbach.de\/blog\/foerderung\/","title":{"rendered":"F\u00f6rderung"},"content":{"rendered":"\n<h3 class=\"wp-block-heading\">DIE STIFTUNGSIDEE \/ ALLGEMEINE GRUNDS\u00c4TZE <\/h3>\n\n\n\n<p>Die B\u00fcrgerstiftung Stammbach wurde durch die Nachl\u00e4sse der Stammbacher B\u00fcrger Siegfried Ley und Karl-Rudolf Schmidt ins Leben gerufen. Weiterer Stifter ist Zvednec Lokvenc.<br>Die B\u00fcrgerstiftung Stammbach ist eine Gemeinschaftseinrichtung von B\u00fcrgern f\u00fcr B\u00fcrger. Im Rahmen ihres Satzungszwecks will sie gemeinn\u00fctzige und gesellschaftliche Vorhaben f\u00f6rdern, die im Interesse der B\u00fcrger der Marktgemeinde liegen, soweit \u00f6ffentliche Mittel daf\u00fcr nicht in Frage kommen oder zur Verf\u00fcgung stehen. <\/p>\n\n\n\n<h3 class=\"wp-block-heading\"><strong>WELCHE PROJEKTE WERDEN GEF\u00d6RDERT?<\/strong> <\/h3>\n\n\n\n<p>Die B\u00fcrgerstiftung Stammbach f\u00f6rdert Projekte von gemeinn\u00fctzigen Vereinen, Institutionen, Unternehmen und Initiativen, die sich den Satzungszielen der B\u00fcrgerstiftung zuordnen lassen.<\/p>\n\n\n\n<p>Zweck der Stiftung ist es, Bildung und Erziehung, Familie- , Jugend- und Altenhilfe, Kultur, Kunst und Denkmalpflege, Umwelt- und Naturschutz und Landschaftspflege, traditionelles Brauchtum,<br>Heimatpflege, Sport- und Gesundheitswesen zu f\u00f6rdern, sowie Ausbildungs- und Besch\u00e4ftigungsm\u00f6glichkeiten von Jugendlichen und hilfsbed\u00fcrftige Stammbacher B\u00fcrger in besonderen, unverschuldeten Notlagen zu unterst\u00fctzen. <\/p>\n\n\n\n<p>Die Projekte m\u00fcssen im Marktgemeinde-Gebiet von Stammbach liegen oder von Vereinen und Institutionen aus dem Marktgemeinde Stammbachs durchgef\u00fchrt werden.<\/p>\n\n\n\n<h3 class=\"wp-block-heading\">WELCHE PROJEKTE WERDEN NICHT GEF\u00d6RDERT ?<\/h3>\n\n\n<p>Von der F\u00f6rderung der B\u00fcrgerstiftung Stammbach ausgeschlossen sind in der Regel:<\/p>\n<ul>\n<li>Projekte au\u00dferhalb des Marktgemeinde-Gebietes Stammbach<\/li>\n<li>Personalkosten und laufende Kosten &#8211; h\u00f6chstens als Anschubfinanzierung m\u00f6glich<\/li>\n<li>Kommerzielle Veranstaltungen und Fundraising-Aktivit\u00e4ten<\/li>\n<li>Die F\u00f6rderung Einzelpersonen ist in Ausnahmef\u00e4llen m\u00f6glich<\/li>\n<li>Politische Gruppierungen<\/li>\n<li>Die F\u00f6rderung \u00fcber einen l\u00e4ngeren Zeitraum<\/li>\n<\/ul>\n\n\n<h3 class=\"wp-block-heading\">F\u00fcr die Antragstellung wichtig<\/h3>\n\n\n\n<p>Bitte legen Sie uns eine Kopie des aktuell g\u00fcltigen Freistellungsbescheides des Finanzamtes bei bzw. einen Nachweis \u00fcber den Tatbestand der Mildt\u00e4tigkeit i.S.d. \u00a753 AO (Gemeinn\u00fctzigkeit).<\/p>\n\n\n\n<p>Weitere Angaben oder Unterlagen zur Antragstellung, dem Projekt oder dem Antragsteller sind bei Bedarf nachzureichen. Je detaillierter und genauer die Beschreibung und Finanzierungsaufstellung erfolgt, umso einfacher ist es eine Entscheidung \u00fcber die F\u00f6rderw\u00fcrdigkeit und die H\u00f6he der F\u00f6rderung zu beschlie\u00dfen. Belege, Rechnungen, Kostenvoranschl\u00e4ge oder auch Produktdatenbl\u00e4tter helfen dabei.<\/p>\n\n\n\n<p>Zu beachten ist, dass die Beantragung von F\u00f6rdermitteln grunds\u00e4tzlich vor Beginn der Ma\u00dfnahme oder Anschaffung erfolgen oder bis sp\u00e4testens 6 Monate danach erfolgen muss.<\/p>\n\n\n\n<h3 class=\"wp-block-heading\">F\u00f6rderantrag<\/h3>\n\n\n\n<p>Zur Antragsstellung auf F\u00f6rderung durch die B\u00fcrgerstiftung Stammbach nutzen Sie bitte unseren F\u00f6rderantrag.<\/p>\n\n\n\n<div class=\"wp-block-file\"><a id=\"wp-block-file--media-82f0532a-9b94-44dc-bcca-0277fb5359e6\" href=\"https:\/\/www.buergerstiftung-stammbach.de\/blog\/wp-content\/uploads\/2022\/10\/Foerderantrag_BS-Stammbach-2022-10-24.pdf\">F\u00f6rderantrag B\u00fcrgerstiftung Stammbach <\/a><a href=\"https:\/\/www.buergerstiftung-stammbach.de\/blog\/wp-content\/uploads\/2022\/10\/Foerderantrag_BS-Stammbach-2022-10-24.pdf\" class=\"wp-block-file__button\" download aria-describedby=\"wp-block-file--media-82f0532a-9b94-44dc-bcca-0277fb5359e6\">Herunterladen<\/a><\/div>\n\n\n\n<p>Nur bei Vorlage eines F\u00f6rderantrages inkl. aller notwendigen Unterlagen und Informationen kann \u00fcber den F\u00f6rderantrag befunden werden.<\/p>\n\n\n\n<p>Entscheidungen \u00fcber die Vergabe der Stiftungsmittel trifft der Stiftungsrat in seinen Sitzungen im Fr\u00fchjahr und im Herbst.<\/p>\n\n\n\n<p><\/p>\n","protected":false},"excerpt":{"rendered":"<p>DIE STIFTUNGSIDEE \/ ALLGEMEINE GRUNDS\u00c4TZE Die B\u00fcrgerstiftung Stammbach wurde durch die Nachl\u00e4sse der Stammbacher B\u00fcrger Siegfried Ley und Karl-Rudolf Schmidt ins Leben gerufen. Weiterer Stifter ist Zvednec Lokvenc.Die B\u00fcrgerstiftung Stammbach ist eine Gemeinschaftseinrichtung von B\u00fcrgern f\u00fcr B\u00fcrger. Im Rahmen ihres Satzungszwecks will sie gemeinn\u00fctzige und gesellschaftliche Vorhaben f\u00f6rdern, die im Interesse der B\u00fcrger der Marktgemeinde [&hellip;]<\/p>\n","protected":false},"author":2,"featured_media":0,"parent":0,"menu_order":0,"comment_status":"closed","ping_status":"open","template":"","meta":{"footnotes":""},"class_list":["post-228","page","type-page","status-publish","hentry"],"_links":{"self":[{"href":"https:\/\/www.buergerstiftung-stammbach.de\/blog\/wp-json\/wp\/v2\/pages\/228","targetHints":{"allow":["GET"]}}],"collection":[{"href":"https:\/\/www.buergerstiftung-stammbach.de\/blog\/wp-json\/wp\/v2\/pages"}],"about":[{"href":"https:\/\/www.buergerstiftung-stammbach.de\/blog\/wp-json\/wp\/v2\/types\/page"}],"author":[{"embeddable":true,"href":"https:\/\/www.buergerstiftung-stammbach.de\/blog\/wp-json\/wp\/v2\/users\/2"}],"replies":[{"embeddable":true,"href":"https:\/\/www.buergerstiftung-stammbach.de\/blog\/wp-json\/wp\/v2\/comments?post=228"}],"version-history":[{"count":11,"href":"https:\/\/www.buergerstiftung-stammbach.de\/blog\/wp-json\/wp\/v2\/pages\/228\/revisions"}],"predecessor-version":[{"id":1031,"href":"https:\/\/www.buergerstiftung-stammbach.de\/blog\/wp-json\/wp\/v2\/pages\/228\/revisions\/1031"}],"wp:attachment":[{"href":"https:\/\/www.buergerstiftung-stammbach.de\/blog\/wp-json\/wp\/v2\/media?parent=228"}],"curies":[{"name":"wp","href":"https:\/\/api.w.org\/{rel}","templated":true}]}}