{"id":43,"date":"2013-03-15T00:54:24","date_gmt":"2013-03-14T22:54:24","guid":{"rendered":"http:\/\/stammbach.wordpress.com\/?page_id=43"},"modified":"2013-03-15T00:54:24","modified_gmt":"2013-03-14T22:54:24","slug":"vorstand-und-stiftungsrat","status":"publish","type":"page","link":"https:\/\/www.buergerstiftung-stammbach.de\/blog\/stiftung\/vorstand-und-stiftungsrat\/","title":{"rendered":"Vorstand und Stiftungsrat"},"content":{"rendered":"<p>Die B\u00fcrgerstiftung Stammbach &#8211; Stiftung des b\u00fcrgerlichen Rechts mit Sitz in Stammbach &#8211; wurde gem\u00e4\u00df \u00a780 des B\u00fcrgerlichen Gesetzbuchs und Art. 3 des Bayerischen Stiftungsgesetzes am 21.09.2012 von der Regierung Oberfranken anerkannt.<\/p>\n<p>Der berufene Stiftungsrat traf sich das erste Mal am 17.12.2013.<br \/>\nAm 14.01.2013 wurde der Vorstand gew\u00e4hlt.<br \/>\nDie Stiftung besteht aktuell aus dem Stiftungsrat und dem Stiftungsvorstand.<\/p>\n<p>&nbsp;<\/p>\n<p><strong>Stiftungsvorstand:<\/strong><\/p>\n<ul>\n<li>Michael Sch\u00f6ffel (Vorsitzender)<\/li>\n<li>Dieter T\u00f6gel (1. Stellvertreter)<\/li>\n<li>Doris Ebert (2. Stellvertreter)<\/li>\n<\/ul>\n<p><strong><br \/>\nStiftungsrat:<\/strong><\/p>\n<ul>\n<li>Sandra Bauer<\/li>\n<li>Markus Baumg\u00e4rtel<\/li>\n<li>Stefan G\u00fcnther (Vorsitzender)<\/li>\n<li>Hans-J\u00fcrgen R\u00f6\u00dfler (stv. Vorsitzender)<\/li>\n<li>Regina Schramm<\/li>\n<\/ul>\n","protected":false},"excerpt":{"rendered":"<p>Die B\u00fcrgerstiftung Stammbach &#8211; Stiftung des b\u00fcrgerlichen Rechts mit Sitz in Stammbach &#8211; wurde gem\u00e4\u00df \u00a780 des B\u00fcrgerlichen Gesetzbuchs und Art. 3 des Bayerischen Stiftungsgesetzes am 21.09.2012 von der Regierung Oberfranken anerkannt. Der berufene Stiftungsrat traf sich das erste Mal am 17.12.2013. Am 14.01.2013 wurde der Vorstand gew\u00e4hlt. Die Stiftung besteht aktuell aus dem Stiftungsrat [&hellip;]<\/p>\n","protected":false},"author":2,"featured_media":0,"parent":423,"menu_order":1,"comment_status":"open","ping_status":"open","template":"","meta":{"footnotes":""},"class_list":["post-43","page","type-page","status-publish","hentry"],"_links":{"self":[{"href":"https:\/\/www.buergerstiftung-stammbach.de\/blog\/wp-json\/wp\/v2\/pages\/43","targetHints":{"allow":["GET"]}}],"collection":[{"href":"https:\/\/www.buergerstiftung-stammbach.de\/blog\/wp-json\/wp\/v2\/pages"}],"about":[{"href":"https:\/\/www.buergerstiftung-stammbach.de\/blog\/wp-json\/wp\/v2\/types\/page"}],"author":[{"embeddable":true,"href":"https:\/\/www.buergerstiftung-stammbach.de\/blog\/wp-json\/wp\/v2\/users\/2"}],"replies":[{"embeddable":true,"href":"https:\/\/www.buergerstiftung-stammbach.de\/blog\/wp-json\/wp\/v2\/comments?post=43"}],"version-history":[{"count":0,"href":"https:\/\/www.buergerstiftung-stammbach.de\/blog\/wp-json\/wp\/v2\/pages\/43\/revisions"}],"up":[{"embeddable":true,"href":"https:\/\/www.buergerstiftung-stammbach.de\/blog\/wp-json\/wp\/v2\/pages\/423"}],"wp:attachment":[{"href":"https:\/\/www.buergerstiftung-stammbach.de\/blog\/wp-json\/wp\/v2\/media?parent=43"}],"curies":[{"name":"wp","href":"https:\/\/api.w.org\/{rel}","templated":true}]}}